{"id":24,"date":"2016-01-03T21:39:11","date_gmt":"2016-01-03T20:39:11","guid":{"rendered":"http:\/\/blogs.tib.eu\/wp\/fis\/?page_id=24"},"modified":"2025-07-03T16:46:29","modified_gmt":"2025-07-03T14:46:29","slug":"ueber-uns","status":"publish","type":"page","link":"https:\/\/blog.dini.de\/EPub_FIS\/ueber-uns\/","title":{"rendered":"\u00dcber uns"},"content":{"rendered":"<h2>Weiterf\u00fchrende Informationen zum Blog<\/h2>\n<p>Dies ist ein gemeinsamer Weblog der DINI Arbeitsgruppen Forschungsinformationen &amp; Systeme <span style=\"font-size: revert;\">(AG FIS), Elektronisches Publizieren (AG E-Pub) und dem Kompetenzzentrum Interoperable Metadaten (KIM). Damit sind die Themen, die hier behandelt werden, sehr umfangreich. Gestartet wurde dieser Blog urspr\u00fcnglich im Januar 2016 von der AG FIS. Im Juni 2020 kam nach einiger Planung die AG E-Pub hinzu, da die Themen sich immer wieder \u00fcberschneiden bzw. \u00e4hnlich sind. Anfang 2024 erg\u00e4nzte das Kompetenzzentrum Interoperable Metadaten (KIM) das Blogteam.<\/span><\/p>\n<p>Das Redaktionsteam besteht aus Mitgliedern der drei AGs und setzt sich aktuell aus Tracy Arndt, Ursula Arning, Daniel Beucke, Arvid Deppe und Franziska Mau zusammen.<br \/>Gern k\u00f6nnen Sie einen eigenen Gastbeitrag schreiben und \u00fcber den Blog ver\u00f6ffentlichen. Weitere Informationen finden Sie auf der Seite &#8222;<a href=\"https:\/\/blog.dini.de\/EPub_FIS\/hinweise-fuer-autorinnen\/\">Hinweise f\u00fcr Autor*innen<\/a>&#8220; oder\u00a0nehmen Sie mit uns Kontakt (<a href=\"mailto:redaktion-blog@dini.de\">redaktion-blog@dini.de<\/a>)\u00a0auf \u2013 wir freuen uns dar\u00fcber!<\/p>\n<p><a href=\"https:\/\/doi.org\/10.57689\/DINI-BLOG.20160125\">Hier<\/a> finden Sie den Willkommens Blog-Beitrag zu diesem Blog (AG FIS) und <a href=\"https:\/\/doi.org\/10.57689\/DINI-BLOG.20200930\">hier<\/a> den ersten gemeinsamen Beitrag (AG FIS und AG E-Pub). Und <a href=\"https:\/\/doi.org\/10.57689\/DINI-BLOG.20240318\">hier<\/a> den ersten Beitrag vom Kompetenzzentrum Interoperable Metadaten (KIM).\u00a0<\/p>\n<h2>Arbeitsmodus der AG FIS<\/h2>\n<p>Die DINI AG Forschungsinformationen &amp; Systeme erarbeitet Empfehlungen in offenen Workshops, in die auch Ergebnisse und Arbeiten anderer DINI-AGs einflie\u00dfen und externe Experten einbezogen sind. Zum Diskurs eingeladen sind die Stakeholder einer effizienten institutionellen Forschungsberichterstattung: Wissenschaftsmanagement, Bibliotheken, Rechenzentren sowie Wissenschaftler_innen.<br \/>\u00dcber den Blog werden ausgew\u00e4hlte Arbeitsergebnisse zeitnah publiziert und einer gr\u00f6\u00dferen \u00d6ffentlichkeit zug\u00e4nglich gemacht. Die Inhalte kreisen um die Hauptthemen der Arbeit der AG und bieten einen \u00dcberblick \u00fcber Standards, best practice und aktuelle Trends der Forschungsinformationssysteme.<\/p>\n<p>Die DINI AG Forschungsinformationen &amp; Systeme konstituierte sich 2012 nach einem gemeinsamen Workshop der DINI und des Instituts f\u00fcr Forschungsinformation und Qualit\u00e4tssicherung (iFQ)\u00a0 in Karlsruhe. <a href=\"http:\/\/dini.de\/ag\/fis\/mitglieder\/\" rel=\"nofollow\">Mitglieder<\/a> sind Expertinnen und Experten aus verschiedenen Bereichen des Wissenschaftsmanagements und Bibliothekswesens.<\/p>\n<p>Weitere Informationen zur AG FIS: <a href=\"https:\/\/dini.de\/fis\">https:\/\/dini.de\/fis<\/a><\/p>\n<h2>Arbeitsmodus AG E-Pub<\/h2>\n<p>Ziel der DINI AG Elektronisches Publizieren\u00a0ist die Unterst\u00fctzung und konzeptionelle Weiterentwicklung des elektronischen Publizierens an wissenschaftlichen Einrichtungen. Im Fokus stehen dabei\u00a0Infrastrukturen und Dienste f\u00fcr das elektronische Publizieren im Open Access wie Repositorien,\u00a0elektronische Open-Access-Zeitschriftenplattformen,\u00a0Plattformen f\u00fcr Open-Access-B\u00fccher sowie\u00a0die Verankerung und Integration solcher Publikationsdienste nach Open-Research-Prinzipien in wissenschaftlichen Prozessketten.<\/p>\n<p>Weitere Informationen zur AG E-Pub: <a href=\"https:\/\/dini.de\/e-pub\">https:\/\/dini.de\/e-pub<\/a><br \/>Mitglieder der AG E-Pub:\u00a0<a href=\"https:\/\/dini.de\/ag\/e-pub\/mitglieder\/\" rel=\"nofollow\">https:\/\/dini.de\/ag\/e-pub\/mitglieder\/<\/a><\/p>\n\n\n<h2 class=\"wp-block-heading\">Arbeitsmodus AG KIM<\/h2>\n\n\n\n<p>Ziel der AG ist es, deutschsprachigen Metadatenexpert*innen aus unterschiedlichen Arbeitsbereichen die M\u00f6glichkeit zu geben, aktuelle Entwicklungen zu diskutieren und innovative Ans\u00e4tze und L\u00f6sungen gemeinsam in die Zukunft zu tragen. Folglich soll die Gruppe neben dem Wissenstransfer insbesondere auch eine Plattform f\u00fcr die Initiierung neuer Projekte sein.<\/p>\n\n\n\n<p>Weitere Informationen zur AG KIM: <a href=\"https:\/\/dini.de\/standards\">https:\/\/dini.de\/standards<\/a> <\/p>\n","protected":false},"excerpt":{"rendered":"<p>Weiterf\u00fchrende Informationen zum Blog Dies ist ein gemeinsamer Weblog der DINI Arbeitsgruppen Forschungsinformationen &amp; Systeme (AG FIS), Elektronisches Publizieren (AG E-Pub) und dem Kompetenzzentrum Interoperable Metadaten (KIM). Damit sind die Themen, die hier behandelt werden, sehr umfangreich. Gestartet wurde dieser Blog urspr\u00fcnglich im Januar 2016 von der AG FIS. Im Juni 2020 kam nach einiger [&hellip;]<\/p>\n","protected":false},"author":2,"featured_media":0,"parent":0,"menu_order":1,"comment_status":"closed","ping_status":"closed","template":"","meta":{"activitypub_content_warning":"","activitypub_content_visibility":"","footnotes":""},"class_list":["post-24","page","type-page","status-publish","hentry"],"jetpack_sharing_enabled":true,"_links":{"self":[{"href":"https:\/\/blog.dini.de\/EPub_FIS\/wp-json\/wp\/v2\/pages\/24","targetHints":{"allow":["GET"]}}],"collection":[{"href":"https:\/\/blog.dini.de\/EPub_FIS\/wp-json\/wp\/v2\/pages"}],"about":[{"href":"https:\/\/blog.dini.de\/EPub_FIS\/wp-json\/wp\/v2\/types\/page"}],"author":[{"embeddable":true,"href":"https:\/\/blog.dini.de\/EPub_FIS\/wp-json\/wp\/v2\/users\/2"}],"replies":[{"embeddable":true,"href":"https:\/\/blog.dini.de\/EPub_FIS\/wp-json\/wp\/v2\/comments?post=24"}],"version-history":[{"count":6,"href":"https:\/\/blog.dini.de\/EPub_FIS\/wp-json\/wp\/v2\/pages\/24\/revisions"}],"predecessor-version":[{"id":3962,"href":"https:\/\/blog.dini.de\/EPub_FIS\/wp-json\/wp\/v2\/pages\/24\/revisions\/3962"}],"wp:attachment":[{"href":"https:\/\/blog.dini.de\/EPub_FIS\/wp-json\/wp\/v2\/media?parent=24"}],"curies":[{"name":"wp","href":"https:\/\/api.w.org\/{rel}","templated":true}]}}