{"id":2851,"date":"2022-04-04T08:01:08","date_gmt":"2022-04-04T06:01:08","guid":{"rendered":"https:\/\/blogs.tib.eu\/wp\/dini-ag-blog\/?page_id=2851"},"modified":"2024-01-12T11:39:43","modified_gmt":"2024-01-12T10:39:43","slug":"hinweise-fuer-autorinnen","status":"publish","type":"page","link":"https:\/\/blog.dini.de\/EPub_FIS\/hinweise-fuer-autorinnen\/","title":{"rendered":"Hinweise f\u00fcr Autor*innen"},"content":{"rendered":"<p>Vielen Dank f\u00fcr die Bereitschaft und das Interesse, einen Beitrag f\u00fcr den Blog der DINI-AGs FIS &amp; E-Pub zu schreiben.<\/p>\n<h1>Form und Inhalt<\/h1>\n<p>Der Blog ist thematisch breit aufgestellt: Von Interesse ist potentiell alles rund um elektronisches Publizieren, Publikationsinfrastrukturen, Forschungsinformationssysteme, Forschungsberichterstattung und Kerndatensatz Forschung.<\/p>\n<p>Der Form nach sind die Beitr\u00e4ge k\u00fcrzer und informeller als etwa Journal-Beitr\u00e4ge. Zwar setzen wir selbstverst\u00e4ndlich Sorgfalt in der Aufbereitung voraus, eine strenge Belegpflicht gibt es allerdings ebensowenig wie Vorgaben zu Umfang und Art des Beitrags; wir freuen uns beispielsweise \u00fcber<\/p>\n<ul>\n<li>Diskussionsimpulse<\/li>\n<li>Praxisberichte<\/li>\n<li>Hinweise<\/li>\n<li>Workshopberichte usw.<\/li>\n<\/ul>\n<p>Insbesondere im Falle kommerzieller L\u00f6sungen wird eine (praktisch-kritische) Anwendendenperspektive in der Regel einer Anbietendenperspektive vorgezogen.<\/p>\n<p>Aus Gr\u00fcnden der Inkulusion und Gleichstellung empfehlen wir die Verwendung einer gendergerechten Sprache.<\/p>\n<h1 id=\"Hinweisef\u00fcrAutor*innen-RechteundPflichten\">Rechte und Pflichten<\/h1>\n<ul>\n<li>Die Blogbeitr\u00e4ge werden grunds\u00e4tzlich unter der\u00a0<a class=\"external-link\" href=\"http:\/\/creativecommons.org\/licenses\/by\/4.0\/\" rel=\"nofollow\">Creative Commons Namensnennung 4.0 International Lizenz<\/a> (CC BY 4.0 int.) ver\u00f6ffentlicht.<\/li>\n<li>Mit der Einreichung des Beitrags best\u00e4tigen Sie, dass Sie \u00fcber die hierf\u00fcr n\u00f6tigen Rechte an Texten und Bildern verf\u00fcgen.<\/li>\n<li>Inhalte Dritter m\u00fcssen explizit von der Lizenz ausgenommen werden.<\/li>\n<li>Genutzte Inhalte (v.a. Bilder) Dritter m\u00fcssen entsprechend gekennzeichnet werden.<\/li>\n<\/ul>\n<h1>Persistente Identifikatoren<\/h1>\n<p>Wir vergeben f\u00fcr jeden Blog-Beitrag eine DOI. Mit dieser eindeutigen und dauerhaften Adressierbarkeit geht unser Anspruch einher, die Integrit\u00e4t der Beitr\u00e4ge zu erhalten. Sollten nach derer Ver\u00f6ffentlichung \u00c4nderungen oder (auch kleinere) Korrekturen n\u00f6tig sein, werden diese durch eine neue Version des Beitrags unter neuer DOI realisiert. Durch Querverweise wird sichergestellt, dass Lesende zur aktuellsten Version gef\u00fchrt werden.<\/p>\n<h1 id=\"Hinweisef\u00fcrAutor*innen-AblaufundVer\u00f6ffentlichung\">Ablauf und Ver\u00f6ffentlichung<\/h1>\n<ul>\n<li>Autorinnen und Autoren senden bitte ihren Beitrag an das Redaktionsteam:\u00a0<a href=\"mailto:redaktion-blog@dini.de\">redaktion-blog@dini.de<\/a>.<\/li>\n<li>Die Beitr\u00e4ge werden vor der Ver\u00f6ffentlichung durch zwei Mitglieder des Redaktionsteams gepr\u00fcft. Ist mindestens eine*r der Beitragenden Mitglied der DINI AG E-Pub oder der DINI AG FIS, wird lediglich ein weiteres Redaktionsmitglied den Beitrag pr\u00fcfen.<\/li>\n<li>Die Beitr\u00e4ge werden zeitnah gepr\u00fcft und im Anschluss ver\u00f6ffentlicht. Tag der Ver\u00f6ffentlichung ist in der Regel ein Montag.<\/li>\n<li>Die Beitr\u00e4ge werden (mindestens) \u00fcber die DINI-Mailingliste und die DINI-Liste der jeweiligen AGs, abh\u00e4ngig vom Thema auch \u00fcber weitere spezifischere Kan\u00e4le kommuniziert. Zudem gibt einen Hinweis im jeweiligen Mastodon Account (<a href=\"https:\/\/openbiblio.social\/@DiniAgFis\">DINI AG FIS<\/a> und <a href=\"https:\/\/openbiblio.social\/@DiniAgE_Pub\">DINI AG E-Pub<\/a>)<\/li>\n<\/ul>\n","protected":false},"excerpt":{"rendered":"<p>Vielen Dank f\u00fcr die Bereitschaft und das Interesse, einen Beitrag f\u00fcr den Blog der DINI-AGs FIS &amp; E-Pub zu schreiben. Form und Inhalt Der Blog ist thematisch breit aufgestellt: Von Interesse ist potentiell alles rund um elektronisches Publizieren, Publikationsinfrastrukturen, Forschungsinformationssysteme, Forschungsberichterstattung und Kerndatensatz Forschung. Der Form nach sind die Beitr\u00e4ge k\u00fcrzer und informeller als etwa [&hellip;]<\/p>\n","protected":false},"author":2,"featured_media":0,"parent":0,"menu_order":0,"comment_status":"closed","ping_status":"closed","template":"","meta":{"activitypub_content_warning":"","activitypub_content_visibility":"","footnotes":""},"class_list":["post-2851","page","type-page","status-publish","hentry"],"jetpack_sharing_enabled":true,"_links":{"self":[{"href":"https:\/\/blog.dini.de\/EPub_FIS\/wp-json\/wp\/v2\/pages\/2851","targetHints":{"allow":["GET"]}}],"collection":[{"href":"https:\/\/blog.dini.de\/EPub_FIS\/wp-json\/wp\/v2\/pages"}],"about":[{"href":"https:\/\/blog.dini.de\/EPub_FIS\/wp-json\/wp\/v2\/types\/page"}],"author":[{"embeddable":true,"href":"https:\/\/blog.dini.de\/EPub_FIS\/wp-json\/wp\/v2\/users\/2"}],"replies":[{"embeddable":true,"href":"https:\/\/blog.dini.de\/EPub_FIS\/wp-json\/wp\/v2\/comments?post=2851"}],"version-history":[{"count":2,"href":"https:\/\/blog.dini.de\/EPub_FIS\/wp-json\/wp\/v2\/pages\/2851\/revisions"}],"predecessor-version":[{"id":3334,"href":"https:\/\/blog.dini.de\/EPub_FIS\/wp-json\/wp\/v2\/pages\/2851\/revisions\/3334"}],"wp:attachment":[{"href":"https:\/\/blog.dini.de\/EPub_FIS\/wp-json\/wp\/v2\/media?parent=2851"}],"curies":[{"name":"wp","href":"https:\/\/api.w.org\/{rel}","templated":true}]}}