{"id":56,"date":"2016-01-11T16:00:34","date_gmt":"2016-01-11T15:00:34","guid":{"rendered":"http:\/\/blogs.tib.eu\/wp\/fis\/?page_id=56"},"modified":"2023-07-12T16:54:46","modified_gmt":"2023-07-12T14:54:46","slug":"impressum","status":"publish","type":"page","link":"https:\/\/blog.dini.de\/EPub_FIS\/impressum\/","title":{"rendered":"Impressum"},"content":{"rendered":"<p><main class=\"section-column maincontent-wrap\" role=\"main\"><\/p>\n<div id=\"c115\" class=\"ce frame frame-default frame-type-text frame-background-none frame-no-backgroundimage frame-space-before-none frame-space-after-none\">\n<div class=\"frame-container\">\n<div class=\"frame-inner\">\n<h2>Anbieter<\/h2>\n<p>Deutsche Initiative f\u00fcr Netzwerkinformation e. V. (DINI)<\/p>\n<p>Vorstandsvorsitzender: Boguslaw Malys<\/p>\n<h2>Vereinsregister<\/h2>\n<p>Die Deutsche Initiative f\u00fcr Netzwerkinformation (DINI) ist im Vereinsregister G\u00f6ttingen unter der Nummer 2673 eingetragen.<\/p>\n<h2>Haftungsausschluss<\/h2>\n<p>Die ver\u00f6ffentlichten Informationen sind sorgf\u00e4ltig zusammengestellt, erheben aber keinen Anspruch auf Aktualit\u00e4t, sachliche Korrektheit oder Vollst\u00e4ndigkeit; eine entsprechende Gew\u00e4hr wird nicht \u00fcbernommen. Alle kostenfreien Angebote sind unverbindlich. Die Deutsche Initiative f\u00fcr Netzwerkinformation e.\u00a0V. beh\u00e4lt sich vor, jederzeit ohne vorherige Ank\u00fcndigung das Angebot zu ver\u00e4ndern, zu erg\u00e4nzen, zu l\u00f6schen oder die Ver\u00f6ffentlichung einzustellen.<\/p>\n<p>Die Deutsche Initiative f\u00fcr Netzwerkinformation e.\u00a0V. ist nicht f\u00fcr Inhalte fremder Seiten verantwortlich, die \u00fcber einen Link erreicht werden. Die ver\u00f6ffentlichten Links werden mit gr\u00f6\u00dftm\u00f6glicher Sorgfalt recherchiert und zusammengestellt. Die Redaktion hat keinen Einflu\u00df auf die aktuelle und zuk\u00fcnftige Gestaltung und Inhalte der verlinkten Seiten. Die Deutsche Initiative f\u00fcr Netzwerkinformation e.\u00a0V. ist nicht f\u00fcr den Inhalt der verkn\u00fcpften Seiten verantwortlich und macht sich den Inhalt nicht zu eigen. F\u00fcr illegale, fehlerhafte oder unvollst\u00e4ndige Inhalte, sowie f\u00fcr Sch\u00e4den, die durch die Nutzung oder Nichtnutzung der Informationen entstehen, haftet allein der Anbieter der Web-Site, auf die verwiesen wurde. Die Haftung desjenigen, der lediglich auf die Ver\u00f6ffentlichung durch einen Link hinweist, ist ausgeschlossen.<\/p>\n<h2>Fragen?<\/h2>\n<p>Bei Fragen jeglicher Art wenden Sie sich bitte an die Gesch\u00e4ftsstelle:<\/p>\n<p><strong>DINI-Gesch\u00e4ftsstelle<\/strong><\/p>\n<p>c\/o SUB G\u00f6ttingen<br \/>\nPlatz der G\u00f6ttinger Sieben 1<br \/>\n37073 G\u00f6ttingen<br \/>\nTelefon: +49 551 39-28536<br \/>\nE-Mail: <a href=\"mailto:gs@dini.de\">gs@dini.de<\/a><\/p>\n<p>Bei inhaltlichen Fragen dieses Blog betreffend, wenden Sie sich bitte an das Redaktionsteam unter <a href=\"mailto:redaktion-blog@dini.de\">redaktion-blog@dini.de<\/a> <strong><br \/>\n<\/strong><\/p>\n<\/div>\n<\/div>\n<\/div>\n<p><\/main>Dieses Blog wurde mit der Blogsoftware <a href=\"http:\/\/wordpress.org\/\">WordPress<\/a> realisiert.<\/p>\n","protected":false},"excerpt":{"rendered":"<p>Anbieter Deutsche Initiative f\u00fcr Netzwerkinformation e. V. (DINI) Vorstandsvorsitzender: Boguslaw Malys Vereinsregister Die Deutsche Initiative f\u00fcr Netzwerkinformation (DINI) ist im Vereinsregister G\u00f6ttingen unter der Nummer 2673 eingetragen. Haftungsausschluss Die ver\u00f6ffentlichten Informationen sind sorgf\u00e4ltig zusammengestellt, erheben aber keinen Anspruch auf Aktualit\u00e4t, sachliche Korrektheit oder Vollst\u00e4ndigkeit; eine entsprechende Gew\u00e4hr wird nicht \u00fcbernommen. Alle kostenfreien Angebote sind unverbindlich. [&hellip;]<\/p>\n","protected":false},"author":4,"featured_media":0,"parent":0,"menu_order":2,"comment_status":"closed","ping_status":"closed","template":"","meta":{"activitypub_content_warning":"","activitypub_content_visibility":"","footnotes":""},"class_list":["post-56","page","type-page","status-publish","hentry"],"jetpack_sharing_enabled":true,"_links":{"self":[{"href":"https:\/\/blog.dini.de\/EPub_FIS\/wp-json\/wp\/v2\/pages\/56","targetHints":{"allow":["GET"]}}],"collection":[{"href":"https:\/\/blog.dini.de\/EPub_FIS\/wp-json\/wp\/v2\/pages"}],"about":[{"href":"https:\/\/blog.dini.de\/EPub_FIS\/wp-json\/wp\/v2\/types\/page"}],"author":[{"embeddable":true,"href":"https:\/\/blog.dini.de\/EPub_FIS\/wp-json\/wp\/v2\/users\/4"}],"replies":[{"embeddable":true,"href":"https:\/\/blog.dini.de\/EPub_FIS\/wp-json\/wp\/v2\/comments?post=56"}],"version-history":[{"count":2,"href":"https:\/\/blog.dini.de\/EPub_FIS\/wp-json\/wp\/v2\/pages\/56\/revisions"}],"predecessor-version":[{"id":3161,"href":"https:\/\/blog.dini.de\/EPub_FIS\/wp-json\/wp\/v2\/pages\/56\/revisions\/3161"}],"wp:attachment":[{"href":"https:\/\/blog.dini.de\/EPub_FIS\/wp-json\/wp\/v2\/media?parent=56"}],"curies":[{"name":"wp","href":"https:\/\/api.w.org\/{rel}","templated":true}]}}